{"id":397,"date":"2018-08-30T22:19:37","date_gmt":"2018-08-30T20:19:37","guid":{"rendered":"http:\/\/mugnier-dieteticienne.com\/?page_id=397"},"modified":"2020-04-19T20:24:36","modified_gmt":"2020-04-19T18:24:36","slug":"tarifs","status":"publish","type":"page","link":"https:\/\/mugnier-dieteticienne.com\/index.php\/tarifs\/","title":{"rendered":"Tarifs"},"content":{"rendered":"<div id=\"pl-397\"  class=\"panel-layout\" ><div id=\"pg-397-0\"  class=\"panel-grid panel-has-style\" ><div class=\"siteorigin-panels-stretch panel-row-style panel-row-style-for-397-0\" data-stretch-type=\"full-stretched\" ><div id=\"pgc-397-0-0\"  class=\"panel-grid-cell\" ><div id=\"panel-397-0-0-0\" class=\"widget_text so-panel widget widget_custom_html panel-first-child panel-last-child\" data-index=\"0\" ><div class=\"textwidget custom-html-widget\"><!-- Global site tag (gtag.js) - Google Analytics -->\n<script async src=\"https:\/\/www.googletagmanager.com\/gtag\/js?id=UA-129084642-1\"><\/script>\n<script>\n  window.dataLayer = window.dataLayer || [];\n  function gtag(){dataLayer.push(arguments);}\n  gtag('js', new Date());\n\n  gtag('config', 'UA-129084642-1');\n<\/script><\/div><\/div><\/div><\/div><\/div><div id=\"pg-397-1\"  class=\"panel-grid panel-has-style\" ><div class=\"siteorigin-panels-stretch panel-row-style panel-row-style-for-397-1\" data-stretch-type=\"full-stretched\" ><div id=\"pgc-397-1-0\"  class=\"panel-grid-cell\" ><div id=\"panel-397-1-0-0\" class=\"so-panel widget widget_text panel-first-child panel-last-child\" data-index=\"1\" ><h3 class=\"widget-title\">Prix \u00e0 la consultation<\/h3>\t\t\t<div class=\"textwidget\"><div id=\"rpt_pricr\" class=\"rpt_plans rpt_4_plans rpt_style_basic\"><div class=\" rpt_sm_title rpt_sm_subtitle rpt_sm_description rpt_xsm_price rpt_sm_recurrence rpt_sm_features rpt_sm_button\"><div class=\"rpt_plan   rpt_plan_0  \"><div style=\"text-align:left;\" class=\"rpt_title rpt_title_0\">Consultation Individuelle<\/div><div class=\"rpt_head rpt_head_0\"><div class=\"rpt_price rpt_price_0\"><sup class=\"rpt_currency\">\u20ac<\/sup>65 <\/div><div style=\"color:#21cece;\" class=\"rpt_subtitle rpt_subtitle_0\">Premi\u00e8re consultation<\/div><div class=\"rpt_description rpt_description_0\">1h de rendez-vous<\/div><\/div><a target=\"_blank\" style=\"background:#21cece\" class=\"rpt_foot rpt_foot_0\"><\/a><\/div><div class=\"rpt_plan   rpt_plan_1  \"><div style=\"text-align:left;\" class=\"rpt_title rpt_title_1\">Consultation Individuelle<\/div><div class=\"rpt_head rpt_head_1\"><div class=\"rpt_price rpt_price_1\"><sup class=\"rpt_currency\">\u20ac<\/sup>45 <\/div><div style=\"color:#21cece;\" class=\"rpt_subtitle rpt_subtitle_1\">Consultation de suivi<\/div><div class=\"rpt_description rpt_description_1\">30 minutes <\/div><\/div><a target=\"_blank\" style=\"background:#21cece\" class=\"rpt_foot rpt_foot_1\"><\/a><\/div><div class=\"rpt_plan   rpt_plan_2  \"><div style=\"text-align:left;\" class=\"rpt_title rpt_title_2\">Consultation en couple ou duo<\/div><div class=\"rpt_head rpt_head_2\"><div class=\"rpt_price rpt_price_2\"><sup class=\"rpt_currency\">\u20ac<\/sup>110 <\/div><div style=\"color:#21cece;\" class=\"rpt_subtitle rpt_subtitle_2\">Premi\u00e8re consultation<\/div><div class=\"rpt_description rpt_description_2\">1h30 de rendez-vous<\/div><\/div><a target=\"_blank\" style=\"background:#21cece\" class=\"rpt_foot rpt_foot_2\"><\/a><\/div><div class=\"rpt_plan   rpt_plan_3  \"><div style=\"text-align:left;\" class=\"rpt_title rpt_title_3\">Consultation en couple ou duo<\/div><div class=\"rpt_head rpt_head_3\"><div class=\"rpt_price rpt_price_3\"><sup class=\"rpt_currency\">\u20ac<\/sup>70 <\/div><div style=\"color:#21cece;\" class=\"rpt_subtitle rpt_subtitle_3\">Consultation de suivi<\/div><div class=\"rpt_description rpt_description_3\">1h de rendez-vous<\/div><\/div><a target=\"_blank\" style=\"background:#21cece\" class=\"rpt_foot rpt_foot_3\"><\/a><\/div><\/div><\/div><div style=\"clear:both;\"><\/div>\n<\/div>\n\t\t<\/div><\/div><\/div><\/div><div id=\"pg-397-2\"  class=\"panel-grid panel-has-style\" ><div class=\"siteorigin-panels-stretch panel-row-style panel-row-style-for-397-2\" data-stretch-type=\"full-stretched\" ><div id=\"pgc-397-2-0\"  class=\"panel-grid-cell\" ><div id=\"panel-397-2-0-0\" class=\"so-panel widget widget_text panel-first-child panel-last-child\" data-index=\"2\" ><h3 class=\"widget-title\">Prix en formules<\/h3>\t\t\t<div class=\"textwidget\"><div id=\"rpt_pricr\" class=\"rpt_plans rpt_3_plans rpt_style_basic\"><div class=\" rpt_sm_title rpt_sm_subtitle rpt_sm_description rpt_xsm_price rpt_sm_recurrence rpt_sm_features rpt_sm_button\"><div class=\"rpt_plan   rpt_plan_0  \"><div style=\"text-align:left;\" class=\"rpt_title rpt_title_0\">Formule 4 rendez-vous<\/div><div class=\"rpt_head rpt_head_0\"><div class=\"rpt_price rpt_price_0\"><sup class=\"rpt_currency\">\u20ac<\/sup>180 <\/div><div style=\"color:#21cece;\" class=\"rpt_subtitle rpt_subtitle_0\">Soit 45 \u20ac par rendez vous<\/div><\/div><div class=\"rpt_features rpt_features_0\"><div style=\"color:black;\" class=\"rpt_feature rpt_feature_0-0\">Valable une ann\u00e9e \u00e0 partir du premier rendez-vous\r<\/div><div style=\"color:black;\" class=\"rpt_feature rpt_feature_0-1\">Pour les couples ou duo 280 \u20ac<\/div><\/div><a target=\"_blank\" style=\"background:#21cece\" class=\"rpt_foot rpt_foot_0\"><\/a><\/div><div class=\"rpt_plan   rpt_plan_1  \"><div style=\"text-align:left;\" class=\"rpt_title rpt_title_1\">Formule 6 rendez-vous<\/div><div class=\"rpt_head rpt_head_1\"><div class=\"rpt_price rpt_price_1\"><sup class=\"rpt_currency\">\u20ac<\/sup>260 <\/div><div style=\"color:#21cece;\" class=\"rpt_subtitle rpt_subtitle_1\">Soit 43 \u20ac par rendez vous<\/div><\/div><div class=\"rpt_features rpt_features_1\"><div style=\"color:black;\" class=\"rpt_feature rpt_feature_1-0\">Valable une ann\u00e9e \u00e0 partir du premier rendez-vous\r<\/div><div style=\"color:black;\" class=\"rpt_feature rpt_feature_1-1\">Pour les couples ou duo 390 \u20ac<\/div><\/div><a target=\"_blank\" style=\"background:#21cece\" class=\"rpt_foot rpt_foot_1\"><\/a><\/div><div class=\"rpt_plan   rpt_plan_2  \"><div style=\"text-align:left;\" class=\"rpt_title rpt_title_2\">Formule 10 rendez-vous<\/div><div class=\"rpt_head rpt_head_2\"><div class=\"rpt_price rpt_price_2\"><sup class=\"rpt_currency\">\u20ac<\/sup>420 <\/div><div style=\"color:#21cece;\" class=\"rpt_subtitle rpt_subtitle_2\">Soit 42 \u20ac par rendez vous<\/div><\/div><div class=\"rpt_features rpt_features_2\"><div style=\"color:black;\" class=\"rpt_feature rpt_feature_2-0\">Valable une ann\u00e9e \u00e0 partir du premier rendez-vous\r<\/div><div style=\"color:black;\" class=\"rpt_feature rpt_feature_2-1\">Pour les couples ou duo 600 \u20ac<\/div><\/div><a target=\"_blank\" style=\"background:#21cece\" class=\"rpt_foot rpt_foot_2\"><\/a><\/div><\/div><\/div><div style=\"clear:both;\"><\/div>\n<\/div>\n\t\t<\/div><\/div><\/div><\/div><div id=\"pg-397-3\"  class=\"panel-grid panel-has-style\" ><div class=\"siteorigin-panels-stretch panel-row-style panel-row-style-for-397-3\" data-stretch-type=\"full-stretched\" ><div id=\"pgc-397-3-0\"  class=\"panel-grid-cell\" ><div id=\"panel-397-3-0-0\" class=\"so-panel widget widget_text panel-first-child panel-last-child\" data-index=\"3\" ><h3 class=\"widget-title\">Prise en charge<\/h3>\t\t\t<div class=\"textwidget\"><p>Certaines mutuelles peuvent vous offrir une prise en charge partielle ou totale de votre suivi di\u00e9t\u00e9tique. Pour ce faire, je vous transmettrai une facture \u00e0 chaque consultation.<\/p>\n<p>Pour vous renseigner, vous pouvez appeler votre mutuelle ou consulter <a href=\"http:\/\/www.afdn.org\/fileadmin\/pdf\/1610-complementaires-sante_diet.pdf\">cette liste.<\/a><\/p>\n<\/div>\n\t\t<\/div><\/div><\/div><\/div><div id=\"pg-397-4\"  class=\"panel-grid panel-has-style\" ><div class=\"siteorigin-panels-stretch panel-row-style panel-row-style-for-397-4\" data-stretch-type=\"full-stretched\" ><div id=\"pgc-397-4-0\"  class=\"panel-grid-cell\" ><div id=\"panel-397-4-0-0\" class=\"so-panel widget widget_themegrill_suffice_button tg-section tg-button-widget panel-first-child panel-last-child\" data-index=\"4\" >\n<div class=\"btn-center\">\n\t\t\t<a  class=\"btn btn-rounded btn-small\" style=color:#ffffff;background-color:#ef7278; href=\"http:\/\/www.clicrdv.com\/cabinet-dieteticienne-Fanny-mugnier-audrey-deleu\">\n\t\t\tPrendre rendez vous en ligne\t\t<\/a>\n\t<\/div>\n<\/div><\/div><\/div><\/div><\/div>","protected":false},"excerpt":{"rendered":"<p>Prix \u00e0 la consultation Consultation Individuelle\u20ac65 Premi\u00e8re consultation1h de rendez-vousConsultation Individuelle\u20ac45 Consultation de suivi30 minutes Consultation en couple ou duo\u20ac110 Premi\u00e8re consultation1h30 de rendez-vousConsultation en couple ou duo\u20ac70 Consultation de suivi1h de rendez-vous Prix en formules Formule 4 rendez-vous\u20ac180 Soit<\/p>\n","protected":false},"author":1,"featured_media":0,"parent":0,"menu_order":0,"comment_status":"closed","ping_status":"closed","template":"","meta":{"footnotes":""},"class_list":["post-397","page","type-page","status-publish","hentry"],"_links":{"self":[{"href":"https:\/\/mugnier-dieteticienne.com\/index.php\/wp-json\/wp\/v2\/pages\/397","targetHints":{"allow":["GET"]}}],"collection":[{"href":"https:\/\/mugnier-dieteticienne.com\/index.php\/wp-json\/wp\/v2\/pages"}],"about":[{"href":"https:\/\/mugnier-dieteticienne.com\/index.php\/wp-json\/wp\/v2\/types\/page"}],"author":[{"embeddable":true,"href":"https:\/\/mugnier-dieteticienne.com\/index.php\/wp-json\/wp\/v2\/users\/1"}],"replies":[{"embeddable":true,"href":"https:\/\/mugnier-dieteticienne.com\/index.php\/wp-json\/wp\/v2\/comments?post=397"}],"version-history":[{"count":39,"href":"https:\/\/mugnier-dieteticienne.com\/index.php\/wp-json\/wp\/v2\/pages\/397\/revisions"}],"predecessor-version":[{"id":1409,"href":"https:\/\/mugnier-dieteticienne.com\/index.php\/wp-json\/wp\/v2\/pages\/397\/revisions\/1409"}],"wp:attachment":[{"href":"https:\/\/mugnier-dieteticienne.com\/index.php\/wp-json\/wp\/v2\/media?parent=397"}],"curies":[{"name":"wp","href":"https:\/\/api.w.org\/{rel}","templated":true}]}}