{"id":375,"date":"2017-06-13T04:11:50","date_gmt":"2017-06-13T02:11:50","guid":{"rendered":"https:\/\/demo.themegrill.com\/suffice\/?page_id=5"},"modified":"2025-03-13T13:30:01","modified_gmt":"2025-03-13T12:30:01","slug":"home","status":"publish","type":"page","link":"https:\/\/mugnier-dieteticienne.com\/","title":{"rendered":"Di\u00e9t\u00e9ticienne Haute-Savoie"},"content":{"rendered":"<div id=\"pl-375\"  class=\"panel-layout\" ><div id=\"pg-375-0\"  class=\"panel-grid panel-has-style\" ><div class=\"siteorigin-panels-stretch panel-row-style panel-row-style-for-375-0\" data-stretch-type=\"full-width-stretch\" ><div id=\"pgc-375-0-0\"  class=\"panel-grid-cell\" ><div id=\"panel-375-0-0-0\" class=\"widget_text so-panel widget widget_custom_html panel-first-child\" data-index=\"0\" ><div class=\"textwidget custom-html-widget\"><!-- Global site tag (gtag.js) - Google Analytics -->\n<script async src=\"https:\/\/www.googletagmanager.com\/gtag\/js?id=UA-129084642-1\"><\/script>\n<script>\n  window.dataLayer = window.dataLayer || [];\n  function gtag(){dataLayer.push(arguments);}\n  gtag('js', new Date());\n\n  gtag('config', 'UA-129084642-1');\n<\/script><\/div><\/div><div id=\"panel-375-0-0-1\" class=\"so-panel widget widget_themegrill_suffice_slider tg-section tg-slider-widget panel-last-child\" data-index=\"1\" >\n\t<div class=\"slider slider-hide-controls slider-controls-rounded slider-height--default\">\n\t\t<div class=\"swiper-container\" data-swiper-autoplay=\"true\">\n\t\t\t<div class=\"swiper-wrapper\">\n\t\t\t\t\t\t\t\t\t\t<div class=\"swiper-slide\">\n\t\t\t\t\t\t\t<div class=\"slider-content slider-content-cursive slider-content--center\">\n\t\t\t\t\t\t\t\t<div class=\"container\">\n\t\t\t\t\t\t\t\t\t<div class=\"slider-content-inner\">\n\t\t\t\t\t\t\t\t\t\t\t\t\t\t\t\t\t\t\t\t\t<h3 class=\"slider-title\">Di\u00e9t\u00e9tique \u00e0 Bonne<\/h3>\n\t\t\t\t\t\t\t\t\t\t\n\t\t\t\t\t\t\t\t\t\t\n\t\t\t\t\t\t\t\t\t\t\t\t\t\t\t\t\t\t\t\t\t<a class=\"btn btn-ghost btn-rounded-edges btn-small btn-primary\" href=\"http:\/\/mugnier-dieteticienne.com\/index.php\/haute-savoie\/\"> Voir <\/a>\n\t\t\t\t\t\t\t\t\t\t\t\t\t\t\t\t\t\t\t<\/div> <!-- slider-content-inner -->\n\t\t\t\t\t\t\t\t<\/div> <!-- .container -->\n\t\t\t\t\t\t\t<\/div> <!-- .slider-content -->\n\t\t\t\t\t\t\t<figure class=\"slider-thumbnail\">\n\t\t\t\t\t\t\t\t<img decoding=\"async\" src=\"http:\/\/mugnier-dieteticienne.com\/wp-content\/uploads\/2018\/09\/fruit-3441830_1920-e1537625081435.jpg\" alt=\"Di\u00e9t\u00e9tique \u00e0 Bonne\" \/>\n\t\t\t\t\t\t\t<\/figure>\n\t\t\t\t\t\t<\/div> <!-- swiper-slide -->\n\t\t\t\t\t\t\t\t\t\t\t\t<div class=\"swiper-slide\">\n\t\t\t\t\t\t\t<div class=\"slider-content slider-content-cursive slider-content--center\">\n\t\t\t\t\t\t\t\t<div class=\"container\">\n\t\t\t\t\t\t\t\t\t<div class=\"slider-content-inner\">\n\t\t\t\t\t\t\t\t\t\t\t\t\t\t\t\t\t\t\t\t\t<h3 class=\"slider-title\">Di\u00e9t\u00e9tique \u00e0 Cluses<\/h3>\n\t\t\t\t\t\t\t\t\t\t\n\t\t\t\t\t\t\t\t\t\t\n\t\t\t\t\t\t\t\t\t\t\t\t\t\t\t\t\t\t\t\t\t<a class=\"btn btn-ghost btn-rounded-edges btn-small btn-primary\" href=\"http:\/\/mugnier-dieteticienne.com\/index.php\/haute-savoie\/\"> Voir <\/a>\n\t\t\t\t\t\t\t\t\t\t\t\t\t\t\t\t\t\t\t<\/div> <!-- slider-content-inner -->\n\t\t\t\t\t\t\t\t<\/div> <!-- .container -->\n\t\t\t\t\t\t\t<\/div> <!-- .slider-content -->\n\t\t\t\t\t\t\t<figure class=\"slider-thumbnail\">\n\t\t\t\t\t\t\t\t<img decoding=\"async\" src=\"http:\/\/mugnier-dieteticienne.com\/wp-content\/uploads\/2018\/09\/core-2725642_1920-e1537625283915.jpg\" alt=\"Di\u00e9t\u00e9tique \u00e0 Cluses\" \/>\n\t\t\t\t\t\t\t<\/figure>\n\t\t\t\t\t\t<\/div> <!-- swiper-slide -->\n\t\t\t\t\t\t\t\t\t\t\t\t<div class=\"swiper-slide\">\n\t\t\t\t\t\t\t<div class=\"slider-content slider-content-cursive slider-content--center\">\n\t\t\t\t\t\t\t\t<div class=\"container\">\n\t\t\t\t\t\t\t\t\t<div class=\"slider-content-inner\">\n\t\t\t\t\t\t\t\t\t\t\t\t\t\t\t\t\t\t\t\t\t<h3 class=\"slider-title\">Di\u00e9t\u00e9tique \u00e0 Allinges<\/h3>\n\t\t\t\t\t\t\t\t\t\t\n\t\t\t\t\t\t\t\t\t\t\n\t\t\t\t\t\t\t\t\t\t\t\t\t\t\t\t\t\t\t\t\t<a class=\"btn btn-ghost btn-rounded-edges btn-small btn-primary\" href=\"http:\/\/mugnier-dieteticienne.com\/index.php\/haute-savoie\/\"> Voir <\/a>\n\t\t\t\t\t\t\t\t\t\t\t\t\t\t\t\t\t\t\t<\/div> <!-- slider-content-inner -->\n\t\t\t\t\t\t\t\t<\/div> <!-- .container -->\n\t\t\t\t\t\t\t<\/div> <!-- .slider-content -->\n\t\t\t\t\t\t\t<figure class=\"slider-thumbnail\">\n\t\t\t\t\t\t\t\t<img decoding=\"async\" src=\"http:\/\/mugnier-dieteticienne.com\/wp-content\/uploads\/2018\/09\/orange-3199462_1920-e1537817035829.jpg\" alt=\"Di\u00e9t\u00e9tique \u00e0 Allinges\" \/>\n\t\t\t\t\t\t\t<\/figure>\n\t\t\t\t\t\t<\/div> <!-- swiper-slide -->\n\t\t\t\t\t\t\t\t\t<\/div> <!-- end swiper-wrapper -->\n\n\t\t\t<div class=\"swiper-pagination\"><\/div>\n\t\t\t<div class=\"swiper-button-next\"><\/div>\n\t\t\t<div class=\"swiper-button-prev\"><\/div>\n\t\t<\/div> <!-- end swiper-container -->\n\n\t<\/div> <!-- end slider -->\n<\/div><\/div><\/div><\/div><div id=\"pg-375-1\"  class=\"panel-grid panel-has-style\" ><div class=\"panel-row-style panel-row-style-for-375-1\" ><div id=\"pgc-375-1-0\"  class=\"panel-grid-cell\" ><div id=\"panel-375-1-0-0\" class=\"so-panel widget widget_themegrill_suffice_iconbox tg-iconbox-container panel-first-child\" data-index=\"2\" ><div class=\"icon-box icon-box-center icon-box-hexagon\">\n\t\t\t\t<div class=\"icon-box-image\">\n\t\t\t<div class=\"icon-box-image-container\">\n\t\t\t\t<div class=\"icon-box-inner-image\">\n\t\t\t\t\t<img decoding=\"async\" src=\"http:\/\/mugnier-dieteticienne.com\/wp-content\/uploads\/2018\/09\/if_Food_C228_2427887-1.png\" alt=\"Di\u00e9t\u00e9ticienne en Haute-Savoie\" \/>\n\t\t\t\t<\/div>\n\t\t\t<\/div>\n\t\t<\/div>\n\t\t<div class=\"icon-box-description\">\n\t\t\t\t\t<h5 class=\"icon-box-title\">Di\u00e9t\u00e9ticienne en Haute-Savoie<\/h5>\n\t\t\t\t\t\t\t<\/div>\n<\/div> <!-- end icon-box -->\n<\/div><div id=\"panel-375-1-0-1\" class=\"so-panel widget widget_text\" data-index=\"3\" >\t\t\t<div class=\"textwidget\"><p><img loading=\"lazy\" decoding=\"async\" class=\"alignleft wp-image-957 size-thumbnail\" src=\"http:\/\/mugnier-dieteticienne.com\/wp-content\/uploads\/2019\/09\/IMG_20190828_172618-150x150.jpg\" alt=\"\" width=\"150\" height=\"150\" srcset=\"https:\/\/mugnier-dieteticienne.com\/wp-content\/uploads\/2019\/09\/IMG_20190828_172618-150x150.jpg 150w, https:\/\/mugnier-dieteticienne.com\/wp-content\/uploads\/2019\/09\/IMG_20190828_172618-300x300.jpg 300w, https:\/\/mugnier-dieteticienne.com\/wp-content\/uploads\/2019\/09\/IMG_20190828_172618-100x100.jpg 100w\" sizes=\"auto, (max-width: 150px) 100vw, 150px\" \/><\/p>\n<p>Je m&rsquo;appelle Fanny et je suis <a href=\"http:\/\/www.onisep.fr\/Ressources\/Univers-Formation\/Formations\/Post-bac\/BTS-Dietetique\"><strong>di\u00e9t\u00e9ticienne.<\/strong><\/a><\/p>\n<p>Mon travail ? Pouvoir vous accompagner pour atteindre vos objectifs tout en respectant votre rythme et vos habitudes : SANS REGIME.<\/p>\n<p>J&rsquo;ai \u00e0 coeur de vous \u00e9couter, d&rsquo;\u00eatre disponible et de vous aider ! Si au cours du suivi nous voyons qu&rsquo;une autre dimension plus psychologique ou sportive est la cause d&rsquo;un blocage, je m&rsquo;engage \u00e0 vous mettre en relation avec d&rsquo;autres praticiens. Le but \u00e9tant bien s\u00fbr de compl\u00e9ter notre suivi.<\/p>\n<p>Je peux vous recevoir en <a href=\"http:\/\/mugnier-dieteticienne.com\/index.php\/haute-savoie\/\"><strong>Haute-savoie<\/strong><\/a> sur les communes de <strong><a href=\"http:\/\/mugnier-dieteticienne.com\/index.php\/dieteticienne-bonne\/\">Bonne<\/a>, <a href=\"http:\/\/mugnier-dieteticienne.com\/index.php\/dieteticienne-cluses\/\">Cluses<\/a><\/strong> et <strong><a href=\"http:\/\/mugnier-dieteticienne.com\/index.php\/dieteticienne-thonon\/\">Allinges (\u00e0 cot\u00e9 de Thonon).<\/a><\/strong>J&rsquo;ai h\u00e2te de faire votre rencontre.<\/p>\n<\/div>\n\t\t<\/div><div id=\"panel-375-1-0-2\" class=\"so-panel widget widget_themegrill_suffice_iconbox tg-iconbox-container panel-last-child\" data-index=\"4\" ><div class=\"icon-box icon-box-center icon-box-hexagon\">\n\t\t\t\t<div class=\"icon-box-image\">\n\t\t\t<div class=\"icon-box-image-container\">\n\t\t\t\t<div class=\"icon-box-inner-image\">\n\t\t\t\t\t<img decoding=\"async\" src=\"http:\/\/mugnier-dieteticienne.com\/wp-content\/uploads\/2018\/09\/if_Food_C240_2427880.png\" alt=\"\" \/>\n\t\t\t\t<\/div>\n\t\t\t<\/div>\n\t\t<\/div>\n\t\t<div class=\"icon-box-description\">\n\t\t\t\t\t\t\t<\/div>\n<\/div> <!-- end icon-box -->\n<\/div><\/div><\/div><\/div><div id=\"pg-375-2\"  class=\"panel-grid panel-no-style\" ><div id=\"pgc-375-2-0\"  class=\"panel-grid-cell\" ><div id=\"panel-375-2-0-0\" class=\"so-panel widget widget_themegrill_suffice_button tg-section tg-button-widget panel-first-child panel-last-child\" data-index=\"5\" >\n<div class=\"btn-center\">\n\t\t\t<a  class=\"btn btn-rounded btn-medium\" style=color:#ffffff;background-color:#ef7278; href=\"http:\/\/mugnier-dieteticienne.com\/index.php\/perte-de-poids\/\">\n\t\t\tPourquoi rencontrer une di\u00e9t\u00e9ticienne ?\t\t<\/a>\n\t<\/div>\n<\/div><\/div><\/div><\/div>","protected":false},"excerpt":{"rendered":"<p>Je m&rsquo;appelle Fanny et je suis di\u00e9t\u00e9ticienne. Mon travail ? Pouvoir vous accompagner pour atteindre vos objectifs tout en respectant votre rythme et vos habitudes : SANS REGIME. J&rsquo;ai \u00e0 coeur de vous \u00e9couter, d&rsquo;\u00eatre disponible et de vous aider<\/p>\n","protected":false},"author":1,"featured_media":0,"parent":0,"menu_order":1,"comment_status":"closed","ping_status":"closed","template":"","meta":{"footnotes":""},"class_list":["post-375","page","type-page","status-publish","hentry"],"_links":{"self":[{"href":"https:\/\/mugnier-dieteticienne.com\/index.php\/wp-json\/wp\/v2\/pages\/375","targetHints":{"allow":["GET"]}}],"collection":[{"href":"https:\/\/mugnier-dieteticienne.com\/index.php\/wp-json\/wp\/v2\/pages"}],"about":[{"href":"https:\/\/mugnier-dieteticienne.com\/index.php\/wp-json\/wp\/v2\/types\/page"}],"author":[{"embeddable":true,"href":"https:\/\/mugnier-dieteticienne.com\/index.php\/wp-json\/wp\/v2\/users\/1"}],"replies":[{"embeddable":true,"href":"https:\/\/mugnier-dieteticienne.com\/index.php\/wp-json\/wp\/v2\/comments?post=375"}],"version-history":[{"count":182,"href":"https:\/\/mugnier-dieteticienne.com\/index.php\/wp-json\/wp\/v2\/pages\/375\/revisions"}],"predecessor-version":[{"id":1931,"href":"https:\/\/mugnier-dieteticienne.com\/index.php\/wp-json\/wp\/v2\/pages\/375\/revisions\/1931"}],"wp:attachment":[{"href":"https:\/\/mugnier-dieteticienne.com\/index.php\/wp-json\/wp\/v2\/media?parent=375"}],"curies":[{"name":"wp","href":"https:\/\/api.w.org\/{rel}","templated":true}]}}