{"id":1739,"date":"2021-06-17T14:22:51","date_gmt":"2021-06-17T12:22:51","guid":{"rendered":"http:\/\/mugnier-dieteticienne.com\/?page_id=1739"},"modified":"2021-10-26T09:41:36","modified_gmt":"2021-10-26T07:41:36","slug":"mes-outils","status":"publish","type":"page","link":"https:\/\/mugnier-dieteticienne.com\/index.php\/mes-outils\/","title":{"rendered":"Mes outils"},"content":{"rendered":"\n<div class=\"wp-block-columns are-vertically-aligned-center is-layout-flex wp-container-core-columns-is-layout-9d6595d7 wp-block-columns-is-layout-flex\">\n<div class=\"wp-block-column is-vertically-aligned-center is-layout-flow wp-block-column-is-layout-flow\">\n<div class=\"wp-block-image is-style-rounded\"><figure class=\"aligncenter size-large is-resized\"><img loading=\"lazy\" decoding=\"async\" src=\"http:\/\/mugnier-dieteticienne.com\/wp-content\/uploads\/2020\/04\/Capture-d\u2019e\u0301cran-2020-04-15-a\u0300-13.35.53.png\" alt=\"\" class=\"wp-image-1338\" width=\"158\" height=\"161\"\/><\/figure><\/div>\n\n\n\n<p class=\"has-text-align-center\">Une application pour rester en contact avec votre di\u00e9t\u00e9ticienne entre deux consultations<\/p>\n\n\n\n<div class=\"wp-block-buttons is-content-justification-center is-layout-flex wp-block-buttons-is-layout-flex\">\n<div class=\"wp-block-button is-style-outline is-style-outline--1\"><a class=\"wp-block-button__link\" href=\"http:\/\/mugnier-dieteticienne.com\/index.php\/monsuividiet\/\" style=\"border-radius:50px\">en savoir plus<\/a><\/div>\n<\/div>\n<\/div>\n\n\n\n<div class=\"wp-block-column is-vertically-aligned-center is-layout-flow wp-block-column-is-layout-flow\">\n<div class=\"wp-block-image is-style-rounded\"><figure class=\"aligncenter size-large is-resized\"><img loading=\"lazy\" decoding=\"async\" src=\"http:\/\/mugnier-dieteticienne.com\/wp-content\/uploads\/2020\/01\/BiodyXpert-1024x1024.jpeg\" alt=\"\" class=\"wp-image-1029\" width=\"159\" height=\"159\" srcset=\"https:\/\/mugnier-dieteticienne.com\/wp-content\/uploads\/2020\/01\/BiodyXpert-1024x1024.jpeg 1024w, https:\/\/mugnier-dieteticienne.com\/wp-content\/uploads\/2020\/01\/BiodyXpert-150x150.jpeg 150w, https:\/\/mugnier-dieteticienne.com\/wp-content\/uploads\/2020\/01\/BiodyXpert-300x300.jpeg 300w, https:\/\/mugnier-dieteticienne.com\/wp-content\/uploads\/2020\/01\/BiodyXpert-768x768.jpeg 768w, https:\/\/mugnier-dieteticienne.com\/wp-content\/uploads\/2020\/01\/BiodyXpert-600x600.jpeg 600w, https:\/\/mugnier-dieteticienne.com\/wp-content\/uploads\/2020\/01\/BiodyXpert-100x100.jpeg 100w, https:\/\/mugnier-dieteticienne.com\/wp-content\/uploads\/2020\/01\/BiodyXpert.jpeg 2048w\" sizes=\"auto, (max-width: 159px) 100vw, 159px\" \/><\/figure><\/div>\n\n\n\n<p class=\"has-text-align-center\">Un outils de mesure afin d&rsquo;obtenir le d\u00e9tail de votre composition corporelle<\/p>\n\n\n\n<div class=\"wp-block-buttons is-content-justification-center is-layout-flex wp-block-buttons-is-layout-flex\">\n<div class=\"wp-block-button is-style-outline is-style-outline--2\"><a class=\"wp-block-button__link\" href=\"http:\/\/mugnier-dieteticienne.com\/index.php\/pertedepoids\/\" style=\"border-radius:50px\">en savoir plus<\/a><\/div>\n<\/div>\n<\/div>\n<\/div>\n","protected":false},"excerpt":{"rendered":"<p>Une application pour rester en contact avec votre di\u00e9t\u00e9ticienne entre deux consultations Un outils de mesure afin d&rsquo;obtenir le d\u00e9tail de votre composition corporelle<\/p>\n","protected":false},"author":1,"featured_media":0,"parent":0,"menu_order":0,"comment_status":"closed","ping_status":"closed","template":"","meta":{"footnotes":""},"class_list":["post-1739","page","type-page","status-publish","hentry"],"_links":{"self":[{"href":"https:\/\/mugnier-dieteticienne.com\/index.php\/wp-json\/wp\/v2\/pages\/1739","targetHints":{"allow":["GET"]}}],"collection":[{"href":"https:\/\/mugnier-dieteticienne.com\/index.php\/wp-json\/wp\/v2\/pages"}],"about":[{"href":"https:\/\/mugnier-dieteticienne.com\/index.php\/wp-json\/wp\/v2\/types\/page"}],"author":[{"embeddable":true,"href":"https:\/\/mugnier-dieteticienne.com\/index.php\/wp-json\/wp\/v2\/users\/1"}],"replies":[{"embeddable":true,"href":"https:\/\/mugnier-dieteticienne.com\/index.php\/wp-json\/wp\/v2\/comments?post=1739"}],"version-history":[{"count":18,"href":"https:\/\/mugnier-dieteticienne.com\/index.php\/wp-json\/wp\/v2\/pages\/1739\/revisions"}],"predecessor-version":[{"id":1865,"href":"https:\/\/mugnier-dieteticienne.com\/index.php\/wp-json\/wp\/v2\/pages\/1739\/revisions\/1865"}],"wp:attachment":[{"href":"https:\/\/mugnier-dieteticienne.com\/index.php\/wp-json\/wp\/v2\/media?parent=1739"}],"curies":[{"name":"wp","href":"https:\/\/api.w.org\/{rel}","templated":true}]}}