{"id":1077,"date":"2020-04-12T18:49:32","date_gmt":"2020-04-12T16:49:32","guid":{"rendered":"http:\/\/mugnier-dieteticienne.com\/?page_id=1077"},"modified":"2021-09-29T10:54:24","modified_gmt":"2021-09-29T08:54:24","slug":"livraisons-de-paniers-repas","status":"publish","type":"page","link":"https:\/\/mugnier-dieteticienne.com\/index.php\/livraisons-de-paniers-repas\/","title":{"rendered":"Paniers repas"},"content":{"rendered":"<div id=\"pl-1077\"  class=\"panel-layout\" ><div id=\"pg-1077-0\"  class=\"panel-grid panel-has-style\" ><div class=\"siteorigin-panels-stretch panel-row-style panel-row-style-for-1077-0\" data-stretch-type=\"full-stretched\" ><div id=\"pgc-1077-0-0\"  class=\"panel-grid-cell\" ><div id=\"panel-1077-0-0-0\" class=\"widget_text so-panel widget widget_custom_html panel-first-child panel-last-child\" data-index=\"0\" ><div class=\"textwidget custom-html-widget\"><!-- Global site tag (gtag.js) - Google Analytics -->\n<script async src=\"https:\/\/www.googletagmanager.com\/gtag\/js?id=UA-129084642-1\"><\/script>\n<script>\n  window.dataLayer = window.dataLayer || [];\n  function gtag(){dataLayer.push(arguments);}\n  gtag('js', new Date());\n\n  gtag('config', 'UA-129084642-1');\n<\/script><\/div><\/div><\/div><\/div><\/div><div id=\"pg-1077-1\"  class=\"panel-grid panel-has-style\" ><div class=\"siteorigin-panels-stretch panel-row-style panel-row-style-for-1077-1\" data-stretch-type=\"full-stretched\" ><div id=\"pgc-1077-1-0\"  class=\"panel-grid-cell\" ><div id=\"panel-1077-1-0-0\" class=\"so-panel widget widget_text panel-first-child\" data-index=\"1\" ><div class=\"panel-widget-style panel-widget-style-for-1077-1-0-0\" ><h3 class=\"widget-title\">Qu&rsquo;est ce que c&rsquo;est ?<\/h3>\t\t\t<div class=\"textwidget\"><p><img loading=\"lazy\" decoding=\"async\" class=\" wp-image-1078 alignright\" src=\"http:\/\/mugnier-dieteticienne.com\/wp-content\/uploads\/2020\/04\/Capture-d\u2019e\u0301cran-2020-04-12-a\u0300-18.48.48-150x150.png\" alt=\"quitoque\" width=\"177\" height=\"177\" srcset=\"https:\/\/mugnier-dieteticienne.com\/wp-content\/uploads\/2020\/04\/Capture-d\u2019e\u0301cran-2020-04-12-a\u0300-18.48.48-150x150.png 150w, https:\/\/mugnier-dieteticienne.com\/wp-content\/uploads\/2020\/04\/Capture-d\u2019e\u0301cran-2020-04-12-a\u0300-18.48.48-300x300.png 300w, https:\/\/mugnier-dieteticienne.com\/wp-content\/uploads\/2020\/04\/Capture-d\u2019e\u0301cran-2020-04-12-a\u0300-18.48.48-100x100.png 100w\" sizes=\"auto, (max-width: 177px) 100vw, 177px\" \/>Depuis peu, je propose \u00e0 mes patients un abonnement \u00e0 QUITOQUE.<\/p>\n<p>Cette entreprise offre un service de livraison de plats \u00e0 cuisiner.<\/p>\n<p>Le but est de vous simplifier la vie en vous \u00e9pargnant la corv\u00e9e des courses, les pannes d&rsquo;inspiration et la planification des repas. Cela vous donnera acc\u00e8s \u00e0 des produits de qualit\u00e9 et vous permettra de vous lib\u00e9rer du temps.<\/p>\n<p>&nbsp;<\/p>\n<\/div>\n\t\t<\/div><\/div><div id=\"panel-1077-1-0-1\" class=\"so-panel widget widget_text\" data-index=\"2\" ><h3 class=\"widget-title\">Comment \u00e7a marche ?<\/h3>\t\t\t<div class=\"textwidget\"><p><strong><em>Premi\u00e8re \u00e9tape :<\/em><\/strong><\/p>\n<p>Je personnalise mon panier. Je choisis entre 2 \u00e0 7 recettes\u00a0qui me plaisent pour le nombre de personnes \u00e0 r\u00e9galer (de 2 \u00e0 5).<\/p>\n<p><strong><em><img loading=\"lazy\" decoding=\"async\" class=\"alignleft size-thumbnail wp-image-1093\" src=\"http:\/\/mugnier-dieteticienne.com\/wp-content\/uploads\/2020\/04\/Capture-d\u2019e\u0301cran-2020-04-12-a\u0300-19.07.07-150x150.png\" alt=\"\" width=\"150\" height=\"150\" srcset=\"https:\/\/mugnier-dieteticienne.com\/wp-content\/uploads\/2020\/04\/Capture-d\u2019e\u0301cran-2020-04-12-a\u0300-19.07.07-150x150.png 150w, https:\/\/mugnier-dieteticienne.com\/wp-content\/uploads\/2020\/04\/Capture-d\u2019e\u0301cran-2020-04-12-a\u0300-19.07.07-300x300.png 300w, https:\/\/mugnier-dieteticienne.com\/wp-content\/uploads\/2020\/04\/Capture-d\u2019e\u0301cran-2020-04-12-a\u0300-19.07.07-100x100.png 100w\" sizes=\"auto, (max-width: 150px) 100vw, 150px\" \/>Deuxi\u00e8me \u00e9tape :<\/em><\/strong><\/p>\n<p>Je re\u00e7ois mon panier chez moi, compos\u00e9 de produits frais de saison et de fiches-recettes. Le tout livr\u00e9 gratuitement partout en France ! Tout y est : m\u00eame les \u00e9pices et les aromates.<\/p>\n<p><strong><em>Troisi\u00e8me \u00e9tape :<\/em><\/strong><\/p>\n<p>Je g\u00e8re mon abonnement \u00e0 mon rythme. C\u2019est flexible et sans engagement : je modifie et suspends en un clic ! Je me fais donc livrer chaque semaine ou seulement de temps en temps.<\/p>\n<p>&nbsp;<\/p>\n<\/div>\n\t\t<\/div><div id=\"panel-1077-1-0-2\" class=\"so-panel widget widget_text panel-last-child\" data-index=\"3\" ><h3 class=\"widget-title\">Vous souhaitez en b\u00e9n\u00e9ficier ?<\/h3>\t\t\t<div class=\"textwidget\"><p><b><i>Rendez-vous sur le site de <a href=\"https:\/\/www.quitoque.fr\/\">QUITOQUE<\/a><\/i><\/b><\/p>\n<p>Vous pouvez b\u00e9n\u00e9ficier d&rsquo;une r\u00e9duction de 20 euros, sur chacun de vos 3 premiers paniers, avec le code promo ci dessous : <strong>FANNYMUGNIER3X20<\/strong><\/p>\n<\/div>\n\t\t<\/div><\/div><\/div><\/div><div id=\"pg-1077-2\"  class=\"panel-grid panel-has-style\" ><div class=\"siteorigin-panels-stretch panel-row-style panel-row-style-for-1077-2\" data-stretch-type=\"full-stretched\" ><div id=\"pgc-1077-2-0\"  class=\"panel-grid-cell\" ><div id=\"panel-1077-2-0-0\" class=\"so-panel widget widget_themegrill_suffice_button tg-section tg-button-widget panel-first-child panel-last-child\" data-index=\"4\" >\n<div class=\"btn-center\">\n\t\t\t<a  class=\"btn btn-rounded btn-small\" style=color:#ffffff;background-color:#ef7278; href=\"http:\/\/www.clicrdv.com\/cabinet-dieteticienne-Fanny-mugnier-audrey-deleu\">\n\t\t\tPrendre rendez vous en ligne\t\t<\/a>\n\t<\/div>\n<\/div><\/div><\/div><\/div><\/div>","protected":false},"excerpt":{"rendered":"<p>Depuis peu, je propose \u00e0 mes patients un abonnement \u00e0 QUITOQUE. Cette entreprise offre un service de livraison de plats \u00e0 cuisiner. Le but est de vous simplifier la vie en vous \u00e9pargnant la corv\u00e9e des courses, les pannes d&rsquo;inspiration<\/p>\n","protected":false},"author":1,"featured_media":0,"parent":0,"menu_order":0,"comment_status":"closed","ping_status":"closed","template":"","meta":{"footnotes":""},"class_list":["post-1077","page","type-page","status-publish","hentry"],"_links":{"self":[{"href":"https:\/\/mugnier-dieteticienne.com\/index.php\/wp-json\/wp\/v2\/pages\/1077","targetHints":{"allow":["GET"]}}],"collection":[{"href":"https:\/\/mugnier-dieteticienne.com\/index.php\/wp-json\/wp\/v2\/pages"}],"about":[{"href":"https:\/\/mugnier-dieteticienne.com\/index.php\/wp-json\/wp\/v2\/types\/page"}],"author":[{"embeddable":true,"href":"https:\/\/mugnier-dieteticienne.com\/index.php\/wp-json\/wp\/v2\/users\/1"}],"replies":[{"embeddable":true,"href":"https:\/\/mugnier-dieteticienne.com\/index.php\/wp-json\/wp\/v2\/comments?post=1077"}],"version-history":[{"count":71,"href":"https:\/\/mugnier-dieteticienne.com\/index.php\/wp-json\/wp\/v2\/pages\/1077\/revisions"}],"predecessor-version":[{"id":1813,"href":"https:\/\/mugnier-dieteticienne.com\/index.php\/wp-json\/wp\/v2\/pages\/1077\/revisions\/1813"}],"wp:attachment":[{"href":"https:\/\/mugnier-dieteticienne.com\/index.php\/wp-json\/wp\/v2\/media?parent=1077"}],"curies":[{"name":"wp","href":"https:\/\/api.w.org\/{rel}","templated":true}]}}