{"id":107,"date":"2017-06-13T10:53:01","date_gmt":"2017-06-13T08:53:01","guid":{"rendered":"https:\/\/demo.themegrill.com\/suffice\/?page_id=107"},"modified":"2025-06-11T14:37:26","modified_gmt":"2025-06-11T12:37:26","slug":"chirurgie-obesite-sleeve","status":"publish","type":"page","link":"https:\/\/mugnier-dieteticienne.com\/index.php\/chirurgie-obesite-sleeve\/","title":{"rendered":"Chirurgie de l&rsquo;ob\u00e9sit\u00e9"},"content":{"rendered":"<div id=\"pl-107\"  class=\"panel-layout\" ><div id=\"pg-107-0\"  class=\"panel-grid panel-has-style\" ><div class=\"siteorigin-panels-stretch panel-row-style panel-row-style-for-107-0\" data-stretch-type=\"full-width-stretch\" ><div id=\"pgc-107-0-0\"  class=\"panel-grid-cell\" ><div id=\"panel-107-0-0-0\" class=\"widget_text so-panel widget widget_custom_html panel-first-child panel-last-child\" data-index=\"0\" ><div class=\"textwidget custom-html-widget\"><!-- Global site tag (gtag.js) - Google Analytics -->\n<script async src=\"https:\/\/www.googletagmanager.com\/gtag\/js?id=UA-129084642-1\"><\/script>\n<script>\n  window.dataLayer = window.dataLayer || [];\n  function gtag(){dataLayer.push(arguments);}\n  gtag('js', new Date());\n\n  gtag('config', 'UA-129084642-1');\n<\/script><\/div><\/div><\/div><\/div><\/div><div id=\"pg-107-1\"  class=\"panel-grid panel-has-style\" ><div class=\"siteorigin-panels-stretch panel-row-style panel-row-style-for-107-1\" data-stretch-type=\"full-width-stretch\" ><div id=\"pgc-107-1-0\"  class=\"panel-grid-cell\" ><div id=\"panel-107-1-0-0\" class=\"so-panel widget widget_text panel-first-child panel-last-child\" data-index=\"1\" ><h3 class=\"widget-title\">Sleeve, bypass, anneau<\/h3>\t\t\t<div class=\"textwidget\"><p>L&rsquo;<strong>ob\u00e9sit\u00e9<\/strong> est une maladie chronique qui touche de plus en plus de personnes dans le monde. Depuis quelques ann\u00e9es, la chirurgie bariatrique permet de combattre cette maladie et d&rsquo;am\u00e9liorer consid\u00e9rablement l&rsquo;\u00e9tat de sant\u00e9 des patients.<\/p>\n<p>Il existe diff\u00e9rents types de <strong>chirurgie<\/strong>\u00a0qui permettent pour la plupart d&rsquo;obtenir une sati\u00e9t\u00e9 pr\u00e9coce. D\u00e9cider de se faire op\u00e9rer n\u00e9cessite une prise en charge pluridisciplinaire : Chirurgien, di\u00e9t\u00e9ticien, psychologue, endocrinologue &#8230;<\/p>\n<p><img loading=\"lazy\" decoding=\"async\" class=\"aligncenter wp-image-564 size-full\" title=\"Chirurgie ob\u00e9sit\u00e9 sleeve\" src=\"http:\/\/mugnier-dieteticienne.com\/wp-content\/uploads\/2018\/09\/te\u0301le\u0301chargement.jpeg\" alt=\"Chirurgie ob\u00e9sit\u00e9 sleeve\" width=\"396\" height=\"127\" srcset=\"https:\/\/mugnier-dieteticienne.com\/wp-content\/uploads\/2018\/09\/te\u0301le\u0301chargement.jpeg 396w, https:\/\/mugnier-dieteticienne.com\/wp-content\/uploads\/2018\/09\/te\u0301le\u0301chargement-300x96.jpeg 300w\" sizes=\"auto, (max-width: 396px) 100vw, 396px\" \/><\/p>\n<p>En collaboration avec Dr. Mognol et Dr.Foulkes, tous deux chirurgiens,\u00a0 je peux vous accompagner dans cette d\u00e9marche.\u00a0Pour en savoir plus venez <a href=\"http:\/\/www.obesite-chirurgie74.fr\">ici<\/a><\/p>\n<\/div>\n\t\t<\/div><\/div><\/div><\/div><div id=\"pg-107-2\"  class=\"panel-grid panel-has-style\" ><div class=\"siteorigin-panels-stretch panel-row-style panel-row-style-for-107-2\" data-stretch-type=\"full-width-stretch\" ><div id=\"pgc-107-2-0\"  class=\"panel-grid-cell\" ><div id=\"panel-107-2-0-0\" class=\"so-panel widget widget_themegrill_suffice_button tg-section tg-button-widget panel-first-child panel-last-child\" data-index=\"2\" >\n<div class=\"btn-center\">\n\t\t\t<a  class=\"btn btn-rounded btn-small\" style=color:#ffffff;background-color:#ef7278; href=\"http:\/\/www.clicrdv.com\/cabinet-dieteticienne-Fanny-mugnier-audrey-deleu\">\n\t\t\tPrendre rendez vous en ligne\t\t<\/a>\n\t<\/div>\n<\/div><\/div><\/div><\/div><\/div>","protected":false},"excerpt":{"rendered":"<p>L&rsquo;ob\u00e9sit\u00e9 est une maladie chronique qui touche de plus en plus de personnes dans le monde. Depuis quelques ann\u00e9es, la chirurgie bariatrique permet de combattre cette maladie et d&rsquo;am\u00e9liorer consid\u00e9rablement l&rsquo;\u00e9tat de sant\u00e9 des patients. Il existe diff\u00e9rents types de<\/p>\n","protected":false},"author":1,"featured_media":0,"parent":0,"menu_order":0,"comment_status":"closed","ping_status":"closed","template":"page-templates\/left-sidebar.php","meta":{"footnotes":""},"class_list":["post-107","page","type-page","status-publish","hentry"],"_links":{"self":[{"href":"https:\/\/mugnier-dieteticienne.com\/index.php\/wp-json\/wp\/v2\/pages\/107","targetHints":{"allow":["GET"]}}],"collection":[{"href":"https:\/\/mugnier-dieteticienne.com\/index.php\/wp-json\/wp\/v2\/pages"}],"about":[{"href":"https:\/\/mugnier-dieteticienne.com\/index.php\/wp-json\/wp\/v2\/types\/page"}],"author":[{"embeddable":true,"href":"https:\/\/mugnier-dieteticienne.com\/index.php\/wp-json\/wp\/v2\/users\/1"}],"replies":[{"embeddable":true,"href":"https:\/\/mugnier-dieteticienne.com\/index.php\/wp-json\/wp\/v2\/comments?post=107"}],"version-history":[{"count":41,"href":"https:\/\/mugnier-dieteticienne.com\/index.php\/wp-json\/wp\/v2\/pages\/107\/revisions"}],"predecessor-version":[{"id":1934,"href":"https:\/\/mugnier-dieteticienne.com\/index.php\/wp-json\/wp\/v2\/pages\/107\/revisions\/1934"}],"wp:attachment":[{"href":"https:\/\/mugnier-dieteticienne.com\/index.php\/wp-json\/wp\/v2\/media?parent=107"}],"curies":[{"name":"wp","href":"https:\/\/api.w.org\/{rel}","templated":true}]}}