{"id":1020,"date":"2020-01-29T12:06:20","date_gmt":"2020-01-29T11:06:20","guid":{"rendered":"http:\/\/mugnier-dieteticienne.com\/?page_id=1020"},"modified":"2020-04-21T15:37:08","modified_gmt":"2020-04-21T13:37:08","slug":"pertedepoids","status":"publish","type":"page","link":"https:\/\/mugnier-dieteticienne.com\/index.php\/pertedepoids\/","title":{"rendered":"Analyse corporelle"},"content":{"rendered":"<div id=\"pl-1020\"  class=\"panel-layout\" ><div id=\"pg-1020-0\"  class=\"panel-grid panel-has-style\" ><div class=\"siteorigin-panels-stretch panel-row-style panel-row-style-for-1020-0\" data-stretch-type=\"full-stretched\" ><div id=\"pgc-1020-0-0\"  class=\"panel-grid-cell\" ><div id=\"panel-1020-0-0-0\" class=\"widget_text so-panel widget widget_custom_html panel-first-child panel-last-child\" data-index=\"0\" ><div class=\"textwidget custom-html-widget\"><!-- Global site tag (gtag.js) - Google Analytics -->\n<script async src=\"https:\/\/www.googletagmanager.com\/gtag\/js?id=UA-129084642-1\"><\/script>\n<script>\n  window.dataLayer = window.dataLayer || [];\n  function gtag(){dataLayer.push(arguments);}\n  gtag('js', new Date());\n\n  gtag('config', 'UA-129084642-1');\n<\/script><\/div><\/div><\/div><\/div><\/div><div id=\"pg-1020-1\"  class=\"panel-grid panel-has-style\" ><div class=\"siteorigin-panels-stretch panel-row-style panel-row-style-for-1020-1\" data-stretch-type=\"full-stretched\" ><div id=\"pgc-1020-1-0\"  class=\"panel-grid-cell\" ><div id=\"panel-1020-1-0-0\" class=\"so-panel widget widget_text panel-first-child panel-last-child\" data-index=\"1\" ><div class=\"panel-widget-style panel-widget-style-for-1020-1-0-0\" ><h3 class=\"widget-title\">Une composition corporelle en quelque minutes !<\/h3>\t\t\t<div class=\"textwidget\"><p>Votre di\u00e9t\u00e9ticienne dispose d\u00e9sormais d&rsquo;un dispositif d&rsquo;analyse de la composition corporelle par <a href=\"https:\/\/fr.wikipedia.org\/wiki\/Bio-imp%C3%A9dance\">bioimp\u00e9dancem\u00e9trie.<\/a><\/p>\n<p><img loading=\"lazy\" decoding=\"async\" class=\"size-thumbnail wp-image-1029 alignright\" src=\"http:\/\/mugnier-dieteticienne.com\/wp-content\/uploads\/2020\/01\/BiodyXpert-150x150.jpeg\" alt=\"\" width=\"150\" height=\"150\" srcset=\"https:\/\/mugnier-dieteticienne.com\/wp-content\/uploads\/2020\/01\/BiodyXpert-150x150.jpeg 150w, https:\/\/mugnier-dieteticienne.com\/wp-content\/uploads\/2020\/01\/BiodyXpert-300x300.jpeg 300w, https:\/\/mugnier-dieteticienne.com\/wp-content\/uploads\/2020\/01\/BiodyXpert-768x768.jpeg 768w, https:\/\/mugnier-dieteticienne.com\/wp-content\/uploads\/2020\/01\/BiodyXpert-1024x1024.jpeg 1024w, https:\/\/mugnier-dieteticienne.com\/wp-content\/uploads\/2020\/01\/BiodyXpert-600x600.jpeg 600w, https:\/\/mugnier-dieteticienne.com\/wp-content\/uploads\/2020\/01\/BiodyXpert-100x100.jpeg 100w, https:\/\/mugnier-dieteticienne.com\/wp-content\/uploads\/2020\/01\/BiodyXpert.jpeg 2048w\" sizes=\"auto, (max-width: 150px) 100vw, 150px\" \/><\/p>\n<p>Les r\u00e9sultats de la mesure sont compar\u00e9s aux valeurs de r\u00e9f\u00e9rences, ce qui me permet de poser votre diagnostic de statut corporel pour :<\/p>\n<ul>\n<li>La masse musculaire<\/li>\n<li>Contenu min\u00e9ral osseux estim\u00e9<\/li>\n<li>La masse graisseuse<\/li>\n<li>La masse hydrique<\/li>\n<\/ul>\n<p>Vous allez donc mieux comprendre l&rsquo;int\u00e9r\u00eat de tel ou tel objectif. Cette mesure compl\u00e8te la mesure de la balance et la prise de mensurations. C&rsquo;est un encouragement suppl\u00e9mentaire : Nous pouvons avoir un poids inchang\u00e9 mais une composition corporelle qui s&rsquo;am\u00e9liore.<\/p>\n<p>Cet appareil est un appareil professionnel utilisant beaucoup de fr\u00e9quence, il est donc beaucoup plus pr\u00e9cis qu&rsquo;une balance imp\u00e9dance que vous pouvez trouver dans le commerce.<\/p>\n<p><img loading=\"lazy\" decoding=\"async\" class=\"alignleft wp-image-1323 size-thumbnail\" src=\"http:\/\/mugnier-dieteticienne.com\/wp-content\/uploads\/2020\/04\/12-e1586942447155-150x150.jpeg\" alt=\"\" width=\"150\" height=\"150\" srcset=\"https:\/\/mugnier-dieteticienne.com\/wp-content\/uploads\/2020\/04\/12-e1586942447155-150x150.jpeg 150w, https:\/\/mugnier-dieteticienne.com\/wp-content\/uploads\/2020\/04\/12-e1586942447155-300x300.jpeg 300w, https:\/\/mugnier-dieteticienne.com\/wp-content\/uploads\/2020\/04\/12-e1586942447155-100x100.jpeg 100w\" sizes=\"auto, (max-width: 150px) 100vw, 150px\" \/><\/p>\n<p>Ce n&rsquo;est pas un dispositif n\u00e9cessaire \u00e0 toutes les prises en charge, je vous le proposerais uniquement si cela est pertinent.<\/p>\n<p>L&rsquo;analyse compl\u00e8te de votre profil peut vous \u00eatre envoy\u00e9e par mail ou communiqu\u00e9e directement sur l&rsquo;application <a href=\"https:\/\/play.google.com\/store\/apps\/details?id=com.continuousnet.biodycontrol&amp;hl=fr\">BiodyControl.<\/a><\/p>\n<p>&nbsp;<\/p>\n<\/div>\n\t\t<\/div><\/div><\/div><\/div><\/div><div id=\"pg-1020-2\"  class=\"panel-grid panel-has-style\" ><div class=\"siteorigin-panels-stretch panel-row-style panel-row-style-for-1020-2\" data-stretch-type=\"full-stretched\" ><div id=\"pgc-1020-2-0\"  class=\"panel-grid-cell\" ><div id=\"panel-1020-2-0-0\" class=\"so-panel widget widget_themegrill_suffice_button tg-section tg-button-widget panel-first-child panel-last-child\" data-index=\"2\" ><div class=\"panel-widget-style panel-widget-style-for-1020-2-0-0\" >\n<div class=\"btn-center\">\n\t\t\t<a  class=\"btn btn-rounded btn-small\" style=color:#ffffff;background-color:#ef7278; href=\"http:\/\/www.clicrdv.com\/cabinet-dieteticienne-Fanny-mugnier-audrey-deleu\">\n\t\t\tPrendre rendez vous en ligne\t\t<\/a>\n\t<\/div>\n<\/div><\/div><\/div><\/div><\/div><\/div>","protected":false},"excerpt":{"rendered":"<p>Votre di\u00e9t\u00e9ticienne dispose d\u00e9sormais d&rsquo;un dispositif d&rsquo;analyse de la composition corporelle par bioimp\u00e9dancem\u00e9trie. Les r\u00e9sultats de la mesure sont compar\u00e9s aux valeurs de r\u00e9f\u00e9rences, ce qui me permet de poser votre diagnostic de statut corporel pour : La masse musculaire<\/p>\n","protected":false},"author":1,"featured_media":0,"parent":0,"menu_order":0,"comment_status":"closed","ping_status":"closed","template":"","meta":{"footnotes":""},"class_list":["post-1020","page","type-page","status-publish","hentry"],"_links":{"self":[{"href":"https:\/\/mugnier-dieteticienne.com\/index.php\/wp-json\/wp\/v2\/pages\/1020","targetHints":{"allow":["GET"]}}],"collection":[{"href":"https:\/\/mugnier-dieteticienne.com\/index.php\/wp-json\/wp\/v2\/pages"}],"about":[{"href":"https:\/\/mugnier-dieteticienne.com\/index.php\/wp-json\/wp\/v2\/types\/page"}],"author":[{"embeddable":true,"href":"https:\/\/mugnier-dieteticienne.com\/index.php\/wp-json\/wp\/v2\/users\/1"}],"replies":[{"embeddable":true,"href":"https:\/\/mugnier-dieteticienne.com\/index.php\/wp-json\/wp\/v2\/comments?post=1020"}],"version-history":[{"count":54,"href":"https:\/\/mugnier-dieteticienne.com\/index.php\/wp-json\/wp\/v2\/pages\/1020\/revisions"}],"predecessor-version":[{"id":1416,"href":"https:\/\/mugnier-dieteticienne.com\/index.php\/wp-json\/wp\/v2\/pages\/1020\/revisions\/1416"}],"wp:attachment":[{"href":"https:\/\/mugnier-dieteticienne.com\/index.php\/wp-json\/wp\/v2\/media?parent=1020"}],"curies":[{"name":"wp","href":"https:\/\/api.w.org\/{rel}","templated":true}]}}